{"id":8155,"date":"2016-07-25T11:44:02","date_gmt":"2016-07-25T09:44:02","guid":{"rendered":"https:\/\/www.oekobit-biogas.com\/uslugi\/anlagenbetrieb\/"},"modified":"2023-02-14T11:08:53","modified_gmt":"2023-02-14T10:08:53","slug":"obsluga-zakladu","status":"publish","type":"page","link":"https:\/\/www.oekobit-biogas.com\/pl\/uslugi\/obsluga-zakladu\/","title":{"rendered":"Obs\u0142uga instalacji biogazowej"},"content":{"rendered":"[vc_row type=&#8221;in_container&#8221; full_screen_row_position=&#8221;middle&#8221; column_margin=&#8221;default&#8221; column_direction=&#8221;default&#8221; column_direction_tablet=&#8221;default&#8221; column_direction_phone=&#8221;default&#8221; scene_position=&#8221;center&#8221; top_padding=&#8221;65&#8243; bottom_padding=&#8221;50&#8243; text_color=&#8221;dark&#8221; text_align=&#8221;left&#8221; row_border_radius=&#8221;none&#8221; row_border_radius_applies=&#8221;bg&#8221; overflow=&#8221;visible&#8221; overlay_strength=&#8221;0.3&#8243; gradient_direction=&#8221;left_to_right&#8221; shape_divider_position=&#8221;bottom&#8221; bg_image_animation=&#8221;none&#8221;][vc_column column_padding=&#8221;padding-5-percent&#8221; column_padding_tablet=&#8221;inherit&#8221; column_padding_phone=&#8221;inherit&#8221; column_padding_position=&#8221;all&#8221; column_element_direction_desktop=&#8221;default&#8221; column_element_spacing=&#8221;default&#8221; desktop_text_alignment=&#8221;default&#8221; tablet_text_alignment=&#8221;default&#8221; phone_text_alignment=&#8221;default&#8221; background_color_opacity=&#8221;1&#8243; background_hover_color_opacity=&#8221;1&#8243; column_backdrop_filter=&#8221;none&#8221; column_shadow=&#8221;none&#8221; column_border_radius=&#8221;none&#8221; column_link_target=&#8221;_self&#8221; column_position=&#8221;default&#8221; advanced_gradient_angle=&#8221;0&#8243; gradient_direction=&#8221;left_to_right&#8221; overlay_strength=&#8221;0.3&#8243; width=&#8221;1\/1&#8243; tablet_width_inherit=&#8221;default&#8221; animation_type=&#8221;default&#8221; bg_image_animation=&#8221;none&#8221; border_type=&#8221;simple&#8221; column_border_width=&#8221;none&#8221; column_border_style=&#8221;solid&#8221; gradient_type=&#8221;default&#8221;][vc_column_text]\n<h2 class=\"color01 hmedium unterstrichen02\">Uruchomienie biogazowni<\/h2>\n[\/vc_column_text][vc_row_inner column_margin=&#8221;default&#8221; column_direction=&#8221;default&#8221; column_direction_tablet=&#8221;default&#8221; column_direction_phone=&#8221;default&#8221; text_align=&#8221;left&#8221; row_position=&#8221;default&#8221; row_position_tablet=&#8221;inherit&#8221; row_position_phone=&#8221;inherit&#8221; overflow=&#8221;visible&#8221; pointer_events=&#8221;all&#8221; gap=&#8221;35&#8243;][vc_column_inner column_padding=&#8221;no-extra-padding&#8221; column_padding_tablet=&#8221;inherit&#8221; column_padding_phone=&#8221;inherit&#8221; column_padding_position=&#8221;top-right&#8221; column_element_direction_desktop=&#8221;default&#8221; column_element_spacing=&#8221;default&#8221; desktop_text_alignment=&#8221;default&#8221; tablet_text_alignment=&#8221;default&#8221; phone_text_alignment=&#8221;default&#8221; background_color_opacity=&#8221;1&#8243; background_hover_color_opacity=&#8221;1&#8243; column_backdrop_filter=&#8221;none&#8221; column_shadow=&#8221;none&#8221; column_border_radius=&#8221;none&#8221; column_link_target=&#8221;_self&#8221; overflow=&#8221;visible&#8221; gradient_direction=&#8221;left_to_right&#8221; overlay_strength=&#8221;0.3&#8243; width=&#8221;1\/2&#8243; tablet_width_inherit=&#8221;default&#8221; animation_type=&#8221;default&#8221; bg_image_animation=&#8221;none&#8221; border_type=&#8221;simple&#8221; column_border_width=&#8221;none&#8221; column_border_style=&#8221;solid&#8221;][vc_column_text css=&#8221;.vc_custom_1676369329998{margin-top: 0px !important;margin-right: 0px !important;margin-bottom: 0px !important;margin-left: 0px !important;}&#8221;]Pierwszym krokiem do pomy\u015blnej eksploatacji biogazowni jest jej fachowe uruchomienie. Ta faza rozruchu kt\u00f3r\u0105 przeprowadzamy wsp\u00f3lnie z przysz\u0142ymi operatorami przy ka\u017cdej nowej instalacji . Nasz do\u015bwiadczony partner &#8211; greentec-service GmbH &#8211; towarzyszy Pa\u0144stwu zar\u00f3wno podczas uruchamiania, jak i podczas p\u00f3\u017aniejszej regularnej eksploatacji biogazowni. Niezwykle kr\u00f3tkie czasy uruchomiania i obszerny transfer naszego know-how tworz\u0105 podstaw\u0119 dla maksymalnej wydajno\u015bci od pierwszej godziny pracy!<\/p>\n<p>Jezeli chodzi o uruchomienie Biogazowni to stawiamy na proaktywny koncept kt\u00f3ry jest realizowany w \u015bcis\u0142ej wsp\u00f3\u0142pracy z operatorem przysz\u0142ej biogazowni. Przed w\u0142a\u015bciwym jej uruchomieniem odbywa si\u0119 intensywne szkolenie operator\u00f3w, podczas kt\u00f3rego poznaj\u0105 oni podstawy biologii procesowej i technologii biogazowni. Podczas pierwszych pr\u00f3bnych uruchomie\u0144 optymalizujemy wsp\u00f3lnie na miejscu wst\u0119pne zasilanie i demonstrujemy wydajno\u015b\u0107 nowej biogazowni.[\/vc_column_text][\/vc_column_inner][vc_column_inner column_padding=&#8221;no-extra-padding&#8221; column_padding_tablet=&#8221;inherit&#8221; column_padding_phone=&#8221;inherit&#8221; column_padding_position=&#8221;top-left&#8221; column_element_direction_desktop=&#8221;default&#8221; column_element_spacing=&#8221;default&#8221; desktop_text_alignment=&#8221;default&#8221; tablet_text_alignment=&#8221;default&#8221; phone_text_alignment=&#8221;default&#8221; background_color_opacity=&#8221;1&#8243; background_hover_color_opacity=&#8221;1&#8243; column_backdrop_filter=&#8221;none&#8221; column_shadow=&#8221;none&#8221; column_border_radius=&#8221;none&#8221; column_link_target=&#8221;_self&#8221; overflow=&#8221;visible&#8221; gradient_direction=&#8221;left_to_right&#8221; overlay_strength=&#8221;0.3&#8243; width=&#8221;1\/2&#8243; tablet_width_inherit=&#8221;default&#8221; animation_type=&#8221;default&#8221; bg_image_animation=&#8221;none&#8221; border_type=&#8221;simple&#8221; column_border_width=&#8221;none&#8221; column_border_style=&#8221;solid&#8221;][vc_column_text css=&#8221;.vc_custom_1676368258701{margin-top: 0px !important;margin-right: 0px !important;margin-bottom: 0px !important;margin-left: 0px !important;}&#8221;]Podczas pierwszego uruchamiania biogazowni,\u00a0 wraz z jej operatorem, bedzie ona najpierw nape\u0142niana i ogrzewana.\u00a0 Proces produkcji biogazu jest dopiero rozpoczety, a do\u015bwiadczeni technicy nadzoruj\u0105 i sprawdzaj\u0105 biologi\u0119 i technologi\u0119 instalacji a\u017c do momentu wytworzenia pierwszego biogazu u\u017cytkowego. Potem sa sporz\u0105dzane dalsze plany zasilania a przy tym instruujemy operatora w zakresie prawid\u0142owej eksploatacji biogazowni. Indywidualna instrukcja obs\u0142ugi dokumentuje wszystkie zaplanowane terminy i procesy konserwacji, co upraszcza przysz\u0142\u0105 eksploatacj\u0119 biogazowni.<\/p>\n<p>Oczywi\u015bcie towarzyszymy operatorowi\u00a0 biogazowni r\u00f3wnie\u017c podczas kontroli na miejscu poprzez\u00a0 urz\u0119dy lub ekspert\u00f3w. Tutaj moze chodzic o odbior ekspercki, lub o kontrole przez Stowarzyszenie Ubezpieczenia Odpowiedzialno\u015bci Cywilnej Pracodawc\u00f3w.<\/p>\n<p>My z naszej strony zapewniamy sta\u0142ego partnera kontaktowego, ktory b\u0119dzie s\u0142u\u017cy\u0142 fachowym doradztwem w zakresie dalszego rozwoju i d\u0142ugotrwa\u0142ej optymalizacji Pa\u0144stwa biogazowni.[\/vc_column_text][\/vc_column_inner][\/vc_row_inner][\/vc_column][\/vc_row][vc_row type=&#8221;full_width_content&#8221; full_screen_row_position=&#8221;middle&#8221; column_margin=&#8221;default&#8221; column_direction=&#8221;default&#8221; column_direction_tablet=&#8221;default&#8221; column_direction_phone=&#8221;default&#8221; scene_position=&#8221;center&#8221; text_color=&#8221;dark&#8221; text_align=&#8221;left&#8221; row_border_radius=&#8221;none&#8221; row_border_radius_applies=&#8221;bg&#8221; overflow=&#8221;visible&#8221; class=&#8221;bodenlinie&#8221; overlay_strength=&#8221;0.3&#8243; gradient_direction=&#8221;left_to_right&#8221; shape_divider_position=&#8221;bottom&#8221; bg_image_animation=&#8221;none&#8221;][vc_column column_padding=&#8221;padding-5-percent&#8221; column_padding_tablet=&#8221;inherit&#8221; column_padding_phone=&#8221;inherit&#8221; column_padding_position=&#8221;all&#8221; column_element_direction_desktop=&#8221;default&#8221; column_element_spacing=&#8221;default&#8221; desktop_text_alignment=&#8221;default&#8221; tablet_text_alignment=&#8221;default&#8221; phone_text_alignment=&#8221;default&#8221; background_color=&#8221;#f7f8f8&#8243; background_color_opacity=&#8221;1&#8243; background_hover_color_opacity=&#8221;1&#8243; column_backdrop_filter=&#8221;none&#8221; column_shadow=&#8221;none&#8221; column_border_radius=&#8221;none&#8221; column_link_target=&#8221;_self&#8221; column_position=&#8221;default&#8221; el_class=&#8221;deckenlinie&#8221; gradient_direction=&#8221;left_to_right&#8221; overlay_strength=&#8221;0.3&#8243; width=&#8221;2\/3&#8243; tablet_width_inherit=&#8221;default&#8221; animation_type=&#8221;default&#8221; bg_image_animation=&#8221;none&#8221; border_type=&#8221;simple&#8221; column_border_width=&#8221;none&#8221; column_border_style=&#8221;solid&#8221;][vc_column_text]\n<h3 class=\"color03 hmedium unterstrichen02\">Cztery fazy uruchomienia biogazowni OEKOBIT:<\/h3>\n[\/vc_column_text][nectar_icon_list color=&#8221;Accent-Color&#8221; direction=&#8221;vertical&#8221; icon_size=&#8221;small&#8221; icon_style=&#8221;border&#8221;][nectar_icon_list_item icon_type=&#8221;numerical&#8221; text_full_html=&#8221;simple&#8221; title=&#8221;List Item&#8221; id=&#8221;1658398445552-4&#8243; tab_id=&#8221;1658398445552-3&#8243; header=&#8221;Szkolenie i instruowanie&#8221; text=&#8221;<\/p>\n<ul>\n<li>Podstawowe szkolenie teoretyczne (technika, biologia i prawo)<\/li>\n<li>Wprowadzenie do wszystkich istotnych wytycznych i przepis\u00f3w bezpiecze\u0144stwa<\/li>\n<li>Podstawowa praktyka szkoleniowa na biogazowni OEKOBIT<\/li>\n<li>Instrukcja eksploatacji biogazowni<\/li>\n<\/ul>\n<p>&#8222;][\/nectar_icon_list_item][nectar_icon_list_item icon_type=&#8221;numerical&#8221; text_full_html=&#8221;simple&#8221; title=&#8221;List Item&#8221; id=&#8221;1658398445564-0&#8243; tab_id=&#8221;1658398445565-3&#8243; header=&#8221;Kontrola bezpiecze\u0144stwa, pierwsze nape\u0142nienie i rozgrzanie&#8221; text=&#8221;<\/p>\n<ul>\n<li>Wst\u0119pny odbi\u00f3r budowlany i kontrola bezpiecze\u0144stwa wszystkich cz\u0119\u015bci i element\u00f3w instalacji technicznej<\/li>\n<li>Testowanie i kalibracja instrument\u00f3w<\/li>\n<li>Przygotowanie planu rozpocz\u0119cia dzia\u0142alno\u015bci<\/li>\n<li>Wst\u0119pne nape\u0142nianie i ogrzewanie<\/li>\n<li>Okre\u015blenie optymalnej pr\u0119dko\u015bci rozruchu<\/li>\n<li>Kontrola wszystkich po\u0142\u0105cze\u0144<\/li>\n<\/ul>\n<p>&#8222;][\/nectar_icon_list_item][nectar_icon_list_item icon_type=&#8221;numerical&#8221; text_full_html=&#8221;simple&#8221; title=&#8221;List Item&#8221; id=&#8221;1658398445568-9&#8243; tab_id=&#8221;1658398445569-10&#8243; header=&#8221;Kontrola bezpiecze\u0144stwa, pierwsze nape\u0142nianie i ogrzewanie substratu&#8221; text=&#8221;<\/p>\n<ul>\n<li>Sporzadzenie planu rozruchu<\/li>\n<li>Testowanie funkcjonalne wszystkich system\u00f3w<\/li>\n<li>Rozruch krok po kroku wszystkich element\u00f3w i zespo\u0142\u00f3w<\/li>\n<li>Ci\u0105g\u0142y wzrost mocy a\u017c do pe\u0142nego obci\u0105\u017cenia<\/li>\n<li>Sporzadzenie raportu rozruchu<\/li>\n<\/ul>\n<p>&#8222;][\/nectar_icon_list_item][nectar_icon_list_item icon_type=&#8221;numerical&#8221; text_full_html=&#8221;simple&#8221; title=&#8221;List Item&#8221; id=&#8221;1658398445572-7&#8243; tab_id=&#8221;1658398445573-10&#8243; header=&#8221;Odbi\u00f3r i kontrolowane przekazanie biogazowni do jej regularnej eksploatacji&#8221; text=&#8221;<\/p>\n<ul>\n<li>Organizacja i wsparcie przy fachowym odbiorze Pa\u0144stwa biogazowni<\/li>\n<li>Dostarczenie instrukcji obs\u0142ugi i dokumentow, oraz dziennika serwisowego<\/li>\n<li>Regularne wsparcie operacyjne poprzez wizyty na miejscu i greentec-Sup<\/li>\n<\/ul>\n<p>&#8222;][\/nectar_icon_list_item][\/nectar_icon_list][\/vc_column][vc_column column_padding=&#8221;padding-3-percent&#8221; column_padding_tablet=&#8221;inherit&#8221; column_padding_phone=&#8221;inherit&#8221; column_padding_position=&#8221;all&#8221; column_element_direction_desktop=&#8221;default&#8221; column_element_spacing=&#8221;default&#8221; desktop_text_alignment=&#8221;default&#8221; tablet_text_alignment=&#8221;default&#8221; phone_text_alignment=&#8221;default&#8221; background_color_opacity=&#8221;1&#8243; background_hover_color_opacity=&#8221;1&#8243; background_image=&#8221;1665&#8243; background_image_position=&#8221;center center&#8221; background_image_stacking=&#8221;default&#8221; background_image_loading=&#8221;default&#8221; column_backdrop_filter=&#8221;none&#8221; column_shadow=&#8221;none&#8221; column_border_radius=&#8221;none&#8221; column_link_target=&#8221;_self&#8221; column_position=&#8221;default&#8221; gradient_direction=&#8221;left_to_right&#8221; overlay_strength=&#8221;0.3&#8243; width=&#8221;1\/3&#8243; tablet_width_inherit=&#8221;default&#8221; animation_type=&#8221;default&#8221; bg_image_animation=&#8221;none&#8221; border_type=&#8221;simple&#8221; column_border_width=&#8221;none&#8221; column_border_style=&#8221;solid&#8221; offset=&#8221;vc_hidden-sm vc_hidden-xs&#8221;][\/vc_column][\/vc_row]\n","protected":false},"excerpt":{"rendered":"<p>[vc_row type=&#8221;in_container&#8221; full_screen_row_position=&#8221;middle&#8221; column_margin=&#8221;default&#8221; column_direction=&#8221;default&#8221; column_direction_tablet=&#8221;default&#8221; column_direction_phone=&#8221;default&#8221; scene_position=&#8221;center&#8221; top_padding=&#8221;65&#8243; bottom_padding=&#8221;50&#8243; text_color=&#8221;dark&#8221; text_align=&#8221;left&#8221; row_border_radius=&#8221;none&#8221; row_border_radius_applies=&#8221;bg&#8221; overflow=&#8221;visible&#8221; overlay_strength=&#8221;0.3&#8243; gradient_direction=&#8221;left_to_right&#8221; shape_divider_position=&#8221;bottom&#8221; bg_image_animation=&#8221;none&#8221;][vc_column column_padding=&#8221;padding-5-percent&#8221;&#8230;<\/p>\n","protected":false},"author":1,"featured_media":0,"parent":8132,"menu_order":0,"comment_status":"closed","ping_status":"closed","template":"","meta":{"footnotes":""},"class_list":["post-8155","page","type-page","status-publish"],"_links":{"self":[{"href":"https:\/\/www.oekobit-biogas.com\/pl\/wp-json\/wp\/v2\/pages\/8155","targetHints":{"allow":["GET"]}}],"collection":[{"href":"https:\/\/www.oekobit-biogas.com\/pl\/wp-json\/wp\/v2\/pages"}],"about":[{"href":"https:\/\/www.oekobit-biogas.com\/pl\/wp-json\/wp\/v2\/types\/page"}],"author":[{"embeddable":true,"href":"https:\/\/www.oekobit-biogas.com\/pl\/wp-json\/wp\/v2\/users\/1"}],"replies":[{"embeddable":true,"href":"https:\/\/www.oekobit-biogas.com\/pl\/wp-json\/wp\/v2\/comments?post=8155"}],"version-history":[{"count":11,"href":"https:\/\/www.oekobit-biogas.com\/pl\/wp-json\/wp\/v2\/pages\/8155\/revisions"}],"predecessor-version":[{"id":8895,"href":"https:\/\/www.oekobit-biogas.com\/pl\/wp-json\/wp\/v2\/pages\/8155\/revisions\/8895"}],"up":[{"embeddable":true,"href":"https:\/\/www.oekobit-biogas.com\/pl\/wp-json\/wp\/v2\/pages\/8132"}],"wp:attachment":[{"href":"https:\/\/www.oekobit-biogas.com\/pl\/wp-json\/wp\/v2\/media?parent=8155"}],"curies":[{"name":"wp","href":"https:\/\/api.w.org\/{rel}","templated":true}]}}