{"id":8149,"date":"2016-07-25T11:43:22","date_gmt":"2016-07-25T09:43:22","guid":{"rendered":"https:\/\/www.oekobit-biogas.com\/uslugi\/anlagenbau\/"},"modified":"2023-02-15T10:15:04","modified_gmt":"2023-02-15T09:15:04","slug":"budowa-biogazowni","status":"publish","type":"page","link":"https:\/\/www.oekobit-biogas.com\/pl\/uslugi\/budowa-biogazowni\/","title":{"rendered":"Budowa biogazowni"},"content":{"rendered":"[vc_row type=&#8221;full_width_content&#8221; full_screen_row_position=&#8221;middle&#8221; column_margin=&#8221;default&#8221; equal_height=&#8221;yes&#8221; column_direction=&#8221;default&#8221; column_direction_tablet=&#8221;default&#8221; column_direction_phone=&#8221;default&#8221; scene_position=&#8221;center&#8221; text_color=&#8221;dark&#8221; text_align=&#8221;left&#8221; row_border_radius=&#8221;none&#8221; row_border_radius_applies=&#8221;bg&#8221; overflow=&#8221;visible&#8221; class=&#8221;bodenlinie&#8221; overlay_strength=&#8221;0.3&#8243; gradient_direction=&#8221;left_to_right&#8221; shape_divider_position=&#8221;bottom&#8221; bg_image_animation=&#8221;none&#8221; shape_type=&#8221;&#8221;][vc_column column_padding=&#8221;padding-5-percent&#8221; column_padding_tablet=&#8221;inherit&#8221; column_padding_phone=&#8221;inherit&#8221; column_padding_position=&#8221;all&#8221; column_element_direction_desktop=&#8221;default&#8221; column_element_spacing=&#8221;default&#8221; desktop_text_alignment=&#8221;default&#8221; tablet_text_alignment=&#8221;default&#8221; phone_text_alignment=&#8221;default&#8221; background_color=&#8221;#f7f8f8&#8243; background_color_opacity=&#8221;1&#8243; background_hover_color_opacity=&#8221;1&#8243; column_backdrop_filter=&#8221;none&#8221; column_shadow=&#8221;none&#8221; column_border_radius=&#8221;none&#8221; column_link_target=&#8221;_self&#8221; column_position=&#8221;default&#8221; el_class=&#8221;deckenlinie&#8221; gradient_direction=&#8221;left_to_right&#8221; overlay_strength=&#8221;0.3&#8243; width=&#8221;2\/3&#8243; tablet_width_inherit=&#8221;default&#8221; animation_type=&#8221;default&#8221; bg_image_animation=&#8221;none&#8221; border_type=&#8221;simple&#8221; column_border_width=&#8221;none&#8221; column_border_style=&#8221;solid&#8221;][vc_column_text]\n<h2 class=\"color01 hmedium unterstrichen02\">Faza budowy biogazowni<\/h2>\n<p>Kr\u00f3tki czasy budowy zapewniaja szybki zysk z biogazowni. Prefabrykowane i precyzyjnie skoordynowane komponenty s\u0105 szybko i \u0142atwo \u0142\u0105czone w celu stworzenia wysokowydajnej instalacji. Jako dostawca kompleksowych us\u0142ug w zakresie budowy biogazowni przejmujemy i wspieramy monitorowanie wszystkich etap\u00f3w w fazie budowy i zapewniamy, \u017ce\u00a0 projekt biogazowy spe\u0142nia wszystkie wymogi budowlane i bezpiecze\u0144stwa od pierwszego wbicia szpadla do uruchomienia.<\/p>\n<p>Pocz\u0105wszy od fermentora a\u017c do elektrociep\u0142owni &#8211; precyzyjnie przez nas dobrane komponenty zapewniaj\u0105 wysoki poziom wydajno\u015bci i niskie zapotrzebowanie na energi\u0119. Wszystkie komponenty, a r\u00f3wnie\u017c ich dostawcy, podlegaj\u0105 konsekwentnej kontroli jako\u015bci przez naszych in\u017cynier\u00f3w. Niekt\u00f3re,\u00a0 specjalne komponenty s\u0105 produkowane w\u0142asnor<em>\u0119<\/em>cznie przez OEKOBIT.<\/p>\n<p>OEKOBIT zapewnia swoim klientom solidn\u0105 technologi\u0119, niezawodne systemy instalacji, szczeg\u00f3lnie innowacyjne rozwi\u0105zania\u00a0 oraz fachowe doradztwo i wsparcie.<\/p>\n<p>OEKOBIT stale zwi\u0119ksza efektywno\u015b\u0107 w\u0142asnych biogazowni poprzez ci\u0105g\u0142e doskonalenie proces\u00f3w technologicznych, stosowanie najnowszych technologii budowy biogazowni i sta\u0142\u0105 optymalizacj\u0119 komponent\u00f3w.[\/vc_column_text][\/vc_column][vc_column column_padding=&#8221;no-extra-padding&#8221; column_padding_tablet=&#8221;inherit&#8221; column_padding_phone=&#8221;inherit&#8221; column_padding_position=&#8221;top-bottom&#8221; column_element_direction_desktop=&#8221;default&#8221; column_element_spacing=&#8221;default&#8221; centered_text=&#8221;true&#8221; desktop_text_alignment=&#8221;default&#8221; tablet_text_alignment=&#8221;default&#8221; phone_text_alignment=&#8221;default&#8221; background_color_opacity=&#8221;1&#8243; background_hover_color_opacity=&#8221;1&#8243; background_image=&#8221;2141&#8243; background_image_position=&#8221;center center&#8221; background_image_stacking=&#8221;default&#8221; background_image_loading=&#8221;default&#8221; column_backdrop_filter=&#8221;none&#8221; column_shadow=&#8221;none&#8221; column_border_radius=&#8221;none&#8221; column_link_target=&#8221;_self&#8221; column_position=&#8221;default&#8221; gradient_direction=&#8221;left_to_right&#8221; overlay_strength=&#8221;0.3&#8243; width=&#8221;1\/3&#8243; tablet_width_inherit=&#8221;default&#8221; animation_type=&#8221;default&#8221; bg_image_animation=&#8221;none&#8221; border_type=&#8221;simple&#8221; column_border_width=&#8221;none&#8221; column_border_style=&#8221;solid&#8221; offset=&#8221;vc_hidden-sm vc_hidden-xs&#8221;][\/vc_column][\/vc_row][vc_row type=&#8221;in_container&#8221; full_screen_row_position=&#8221;middle&#8221; column_margin=&#8221;default&#8221; equal_height=&#8221;yes&#8221; content_placement=&#8221;top&#8221; column_direction=&#8221;default&#8221; column_direction_tablet=&#8221;default&#8221; column_direction_phone=&#8221;default&#8221; scene_position=&#8221;center&#8221; top_padding=&#8221;50&#8243; text_color=&#8221;dark&#8221; text_align=&#8221;left&#8221; row_border_radius=&#8221;none&#8221; row_border_radius_applies=&#8221;bg&#8221; overflow=&#8221;visible&#8221; overlay_strength=&#8221;0.3&#8243; gradient_direction=&#8221;left_to_right&#8221; shape_divider_position=&#8221;bottom&#8221; bg_image_animation=&#8221;none&#8221; shape_type=&#8221;&#8221;][vc_column column_padding=&#8221;no-extra-padding&#8221; column_padding_tablet=&#8221;inherit&#8221; column_padding_phone=&#8221;inherit&#8221; column_padding_position=&#8221;all&#8221; column_element_direction_desktop=&#8221;default&#8221; column_element_spacing=&#8221;default&#8221; desktop_text_alignment=&#8221;default&#8221; tablet_text_alignment=&#8221;default&#8221; phone_text_alignment=&#8221;default&#8221; background_color_opacity=&#8221;1&#8243; background_hover_color_opacity=&#8221;1&#8243; column_backdrop_filter=&#8221;none&#8221; column_shadow=&#8221;none&#8221; column_border_radius=&#8221;none&#8221; column_link_target=&#8221;_self&#8221; column_position=&#8221;default&#8221; el_class=&#8221;boxstyle&#8221; gradient_direction=&#8221;left_to_right&#8221; overlay_strength=&#8221;0.3&#8243; width=&#8221;1\/3&#8243; tablet_width_inherit=&#8221;default&#8221; animation_type=&#8221;default&#8221; bg_image_animation=&#8221;none&#8221; border_type=&#8221;simple&#8221; column_border_width=&#8221;none&#8221; column_border_style=&#8221;solid&#8221;][vc_column_text]\n<h2>Korzy\u015bci z OEKOBIT<\/h2>\n<h3 class=\"hsub color01\">co oferujemy naszym klientom<\/h3>\n[\/vc_column_text][\/vc_column][vc_column column_padding=&#8221;padding-3-percent&#8221; column_padding_tablet=&#8221;inherit&#8221; column_padding_phone=&#8221;inherit&#8221; column_padding_position=&#8221;left-right&#8221; column_element_direction_desktop=&#8221;default&#8221; column_element_spacing=&#8221;default&#8221; desktop_text_alignment=&#8221;default&#8221; tablet_text_alignment=&#8221;default&#8221; phone_text_alignment=&#8221;default&#8221; background_color_opacity=&#8221;1&#8243; background_hover_color_opacity=&#8221;1&#8243; column_backdrop_filter=&#8221;none&#8221; column_shadow=&#8221;none&#8221; column_border_radius=&#8221;none&#8221; column_link_target=&#8221;_self&#8221; column_position=&#8221;default&#8221; gradient_direction=&#8221;left_to_right&#8221; overlay_strength=&#8221;0.3&#8243; width=&#8221;2\/3&#8243; tablet_width_inherit=&#8221;default&#8221; animation_type=&#8221;default&#8221; bg_image_animation=&#8221;none&#8221; border_type=&#8221;simple&#8221; column_border_width=&#8221;none&#8221; column_border_style=&#8221;solid&#8221;]<div class=\"nectar-fancy-ul\" data-list-icon=\"icon-salient-thin-line\" data-animation=\"true\" data-animation-delay=\"0\" data-color=\"accent-color\" data-spacing=\"default\" data-alignment=\"left\"> \n<ul>\n<li>sta\u0142a osoba kontaktowa OEKOBIT<\/li>\n<li>zabezpieczenie i przejrzysto\u015b\u0107 koszt\u00f3w budowy<\/li>\n<li>najwy\u017csza jako\u015b\u0107 wykonawcza dzi\u0119ki wysokiej jako\u015bci komponent\u00f3w<\/li>\n<li>stabilna operacyjnie technologia<\/li>\n<li>ekonomiczne systemy instalacji<\/li>\n<li>biogazownie przyjazne w utrzymaniu i nie wymagaj\u0105ce du\u017cej konserwacji<\/li>\n<\/ul>\n <\/div>[\/vc_column][\/vc_row]\n","protected":false},"excerpt":{"rendered":"<p>[vc_row type=&#8221;full_width_content&#8221; full_screen_row_position=&#8221;middle&#8221; column_margin=&#8221;default&#8221; equal_height=&#8221;yes&#8221; column_direction=&#8221;default&#8221; column_direction_tablet=&#8221;default&#8221; column_direction_phone=&#8221;default&#8221; scene_position=&#8221;center&#8221; text_color=&#8221;dark&#8221; text_align=&#8221;left&#8221; row_border_radius=&#8221;none&#8221; row_border_radius_applies=&#8221;bg&#8221; overflow=&#8221;visible&#8221; class=&#8221;bodenlinie&#8221; overlay_strength=&#8221;0.3&#8243; gradient_direction=&#8221;left_to_right&#8221; shape_divider_position=&#8221;bottom&#8221; bg_image_animation=&#8221;none&#8221; shape_type=&#8221;&#8221;][vc_column&#8230;<\/p>\n","protected":false},"author":1,"featured_media":0,"parent":8132,"menu_order":0,"comment_status":"closed","ping_status":"closed","template":"","meta":{"footnotes":""},"class_list":["post-8149","page","type-page","status-publish"],"_links":{"self":[{"href":"https:\/\/www.oekobit-biogas.com\/pl\/wp-json\/wp\/v2\/pages\/8149","targetHints":{"allow":["GET"]}}],"collection":[{"href":"https:\/\/www.oekobit-biogas.com\/pl\/wp-json\/wp\/v2\/pages"}],"about":[{"href":"https:\/\/www.oekobit-biogas.com\/pl\/wp-json\/wp\/v2\/types\/page"}],"author":[{"embeddable":true,"href":"https:\/\/www.oekobit-biogas.com\/pl\/wp-json\/wp\/v2\/users\/1"}],"replies":[{"embeddable":true,"href":"https:\/\/www.oekobit-biogas.com\/pl\/wp-json\/wp\/v2\/comments?post=8149"}],"version-history":[{"count":12,"href":"https:\/\/www.oekobit-biogas.com\/pl\/wp-json\/wp\/v2\/pages\/8149\/revisions"}],"predecessor-version":[{"id":8926,"href":"https:\/\/www.oekobit-biogas.com\/pl\/wp-json\/wp\/v2\/pages\/8149\/revisions\/8926"}],"up":[{"embeddable":true,"href":"https:\/\/www.oekobit-biogas.com\/pl\/wp-json\/wp\/v2\/pages\/8132"}],"wp:attachment":[{"href":"https:\/\/www.oekobit-biogas.com\/pl\/wp-json\/wp\/v2\/media?parent=8149"}],"curies":[{"name":"wp","href":"https:\/\/api.w.org\/{rel}","templated":true}]}}