{"id":8035,"date":"2016-07-20T13:57:27","date_gmt":"2016-07-20T11:57:27","guid":{"rendered":"https:\/\/www.oekobit-biogas.com\/biogas\/"},"modified":"2023-02-14T09:28:06","modified_gmt":"2023-02-14T08:28:06","slug":"biogaz","status":"publish","type":"page","link":"https:\/\/www.oekobit-biogas.com\/pl\/biogaz\/","title":{"rendered":"Biogaz"},"content":{"rendered":"[vc_row type=&#8221;full_width_background&#8221; full_screen_row_position=&#8221;middle&#8221; column_margin=&#8221;default&#8221; column_direction=&#8221;default&#8221; column_direction_tablet=&#8221;default&#8221; column_direction_phone=&#8221;default&#8221; scene_position=&#8221;center&#8221; top_padding=&#8221;50&#8243; bottom_padding=&#8221;50&#8243; text_color=&#8221;dark&#8221; text_align=&#8221;left&#8221; row_border_radius=&#8221;none&#8221; row_border_radius_applies=&#8221;bg&#8221; overflow=&#8221;visible&#8221; id=&#8221;test&#8221; overlay_strength=&#8221;0.3&#8243; gradient_direction=&#8221;left_to_right&#8221; shape_divider_position=&#8221;bottom&#8221; bg_image_animation=&#8221;none&#8221;][vc_column column_padding=&#8221;padding-4-percent&#8221; column_padding_tablet=&#8221;inherit&#8221; column_padding_phone=&#8221;inherit&#8221; column_padding_position=&#8221;all&#8221; column_element_direction_desktop=&#8221;default&#8221; column_element_spacing=&#8221;default&#8221; desktop_text_alignment=&#8221;default&#8221; tablet_text_alignment=&#8221;default&#8221; phone_text_alignment=&#8221;default&#8221; background_color_opacity=&#8221;1&#8243; background_hover_color_opacity=&#8221;1&#8243; column_backdrop_filter=&#8221;none&#8221; column_shadow=&#8221;none&#8221; column_border_radius=&#8221;none&#8221; column_link_target=&#8221;_self&#8221; column_position=&#8221;default&#8221; gradient_direction=&#8221;left_to_right&#8221; overlay_strength=&#8221;0.3&#8243; width=&#8221;1\/3&#8243; tablet_width_inherit=&#8221;default&#8221; animation_type=&#8221;default&#8221; bg_image_animation=&#8221;none&#8221; border_type=&#8221;simple&#8221; column_border_width=&#8221;none&#8221; column_border_style=&#8221;solid&#8221;][vc_column_text]\n<h2 class=\"hmedium color01 unterstrichen02\">Biogaz &#8211; wielostronny talent energii odnawialnych<\/h2>\n<p>energia z biomasy sta\u0142a si\u0119 najwa\u017cniejszym \u017ar\u00f3d\u0142em energii odnawialnej obok energii s\u0142onecznej, wodnej i wiatrowej. Prosta, czysta, ekonomiczna i tym samym przysz\u0142o\u015bciowa &#8211; produkcja biogazu jest wszechstronn\u0105 energi\u0105 odnawialn\u0105. Poniewa\u017c tylko biogaz mo\u017ce dostarcza\u0107 energi\u0119 elektryczn\u0105, ciep\u0142o i biometan w skali regionalnej i ponadregionalnej.<\/p>\n<p>Biogaz ma podobne w\u0142a\u015bciwo\u015bci do gazu ziemnego, po odpowiednim przetworzeniu mo\u017ce by\u0107 wprowadzony do sieci gazu ziemnego jako biometan i wykorzystywany do wszelkich zastosowa\u0144 &#8211; nawet jako paliwo do samochod\u00f3w osobowych, ci\u0119\u017carowych i autobus\u00f3w. W przeciwie\u0144stwie do energii wiatrowej i s\u0142onecznej biogaz mo\u017ce by\u0107 r\u00f3wnie\u017c bezpo\u015brednio magazynowany i dzi\u0119ki temu mo\u017ce by\u0107 elastycznie wykorzystywany w czasie i przestrzeni.[\/vc_column_text][\/vc_column][vc_column column_padding=&#8221;padding-4-percent&#8221; column_padding_tablet=&#8221;inherit&#8221; column_padding_phone=&#8221;inherit&#8221; column_padding_position=&#8221;all&#8221; column_element_direction_desktop=&#8221;default&#8221; column_element_spacing=&#8221;default&#8221; desktop_text_alignment=&#8221;default&#8221; tablet_text_alignment=&#8221;default&#8221; phone_text_alignment=&#8221;default&#8221; background_color_opacity=&#8221;1&#8243; background_hover_color_opacity=&#8221;1&#8243; column_backdrop_filter=&#8221;none&#8221; column_shadow=&#8221;none&#8221; column_border_radius=&#8221;none&#8221; column_link_target=&#8221;_self&#8221; column_position=&#8221;default&#8221; gradient_direction=&#8221;left_to_right&#8221; overlay_strength=&#8221;0.3&#8243; width=&#8221;1\/3&#8243; tablet_width_inherit=&#8221;default&#8221; animation_type=&#8221;default&#8221; bg_image_animation=&#8221;none&#8221; border_type=&#8221;simple&#8221; column_border_width=&#8221;none&#8221; column_border_style=&#8221;solid&#8221;][vc_column_text]\n<h2 class=\"color01 hmedium unterstrichen02\">Biogaz &#8211; \u017ar\u00f3d\u0142o energii przysz\u0142o\u015bci<\/h2>\n<p>konkretny kurs zosta\u0142 namierzony &#8211; biogaz staje si\u0119 coraz bardziej atrakcyjny, zw\u0142aszcza dla dostawc\u00f3w energii, zak\u0142ad\u00f3w komunalnych i samorz\u0105d\u00f3w. Liberalizacja rynku gazu otwiera ogromne mo\u017cliwo\u015bci zwi\u0119kszenia naturalnego wykorzystania biogazu, co mo\u017ce zmniejszy\u0107 zale\u017cno\u015b\u0107 od importu gazu ziemnego.[\/vc_column_text][\/vc_column][vc_column column_padding=&#8221;padding-4-percent&#8221; column_padding_tablet=&#8221;inherit&#8221; column_padding_phone=&#8221;inherit&#8221; column_padding_position=&#8221;all&#8221; column_element_direction_desktop=&#8221;default&#8221; column_element_spacing=&#8221;default&#8221; desktop_text_alignment=&#8221;default&#8221; tablet_text_alignment=&#8221;default&#8221; phone_text_alignment=&#8221;default&#8221; background_color_opacity=&#8221;1&#8243; background_hover_color_opacity=&#8221;1&#8243; column_backdrop_filter=&#8221;none&#8221; column_shadow=&#8221;none&#8221; column_border_radius=&#8221;none&#8221; column_link_target=&#8221;_self&#8221; column_position=&#8221;default&#8221; gradient_direction=&#8221;left_to_right&#8221; overlay_strength=&#8221;0.3&#8243; width=&#8221;1\/3&#8243; tablet_width_inherit=&#8221;default&#8221; animation_type=&#8221;default&#8221; bg_image_animation=&#8221;none&#8221; border_type=&#8221;simple&#8221; column_border_width=&#8221;none&#8221; column_border_style=&#8221;solid&#8221;][vc_column_text]\n<h2 class=\"color01 hmedium unterstrichen02\">Lokalne znaczenie &#8211; mi\u0119dzynarodowy wzrost<\/h2>\n<p>analitycy najwi\u0119kszych niemieckich instytucji finansowych s\u0105 ze sob\u0105 zgodni i prognozuj\u0105 znaczny wzrost sektora biogazu. Biogazownie wnosz\u0105 znacz\u0105cy wk\u0142ad w rozw\u00f3j regionalny pod wzgl\u0119dem tworzenia warto\u015bci, nap\u0142ywu kapita\u0142u, miejsc pracy i zachowania gospodarstw rolnych. R\u00f3wnie\u017c na arenie mi\u0119dzynarodowej biogaz zyskuje coraz wi\u0119ksz\u0105 popularno\u015b\u0107 jako multitalent w\u015br\u00f3d energii odnawialnych &#8211; z technologi\u0105 &#8222;made in Germany&#8221;.[\/vc_column_text][\/vc_column][\/vc_row][vc_row type=&#8221;full_width_content&#8221; full_screen_row_position=&#8221;middle&#8221; column_margin=&#8221;default&#8221; equal_height=&#8221;yes&#8221; content_placement=&#8221;top&#8221; column_direction=&#8221;default&#8221; column_direction_tablet=&#8221;default&#8221; column_direction_phone=&#8221;default&#8221; scene_position=&#8221;center&#8221; text_color=&#8221;dark&#8221; text_align=&#8221;left&#8221; row_border_radius=&#8221;none&#8221; row_border_radius_applies=&#8221;bg&#8221; overflow=&#8221;visible&#8221; overlay_strength=&#8221;0.3&#8243; gradient_direction=&#8221;left_to_right&#8221; shape_divider_position=&#8221;bottom&#8221; bg_image_animation=&#8221;none&#8221; shape_type=&#8221;&#8221;][vc_column column_padding=&#8221;padding-5-percent&#8221; column_padding_tablet=&#8221;inherit&#8221; column_padding_phone=&#8221;inherit&#8221; column_padding_position=&#8221;all&#8221; column_element_direction_desktop=&#8221;default&#8221; column_element_spacing=&#8221;default&#8221; desktop_text_alignment=&#8221;default&#8221; tablet_text_alignment=&#8221;default&#8221; phone_text_alignment=&#8221;default&#8221; background_color=&#8221;#f7f8f8&#8243; background_color_opacity=&#8221;1&#8243; background_hover_color_opacity=&#8221;1&#8243; column_backdrop_filter=&#8221;none&#8221; column_shadow=&#8221;none&#8221; column_border_radius=&#8221;none&#8221; column_link_target=&#8221;_self&#8221; column_position=&#8221;default&#8221; el_class=&#8221;deckenlinie&#8221; gradient_direction=&#8221;left_to_right&#8221; overlay_strength=&#8221;0.3&#8243; width=&#8221;2\/3&#8243; tablet_width_inherit=&#8221;default&#8221; animation_type=&#8221;default&#8221; bg_image_animation=&#8221;none&#8221; border_type=&#8221;simple&#8221; column_border_width=&#8221;none&#8221; column_border_style=&#8221;solid&#8221;][vc_column_text]\n<h2 class=\"hmedium color03 unterstrichen02\">Pi\u0119\u0107 dobrych powod\u00f3w, aby wej\u015b\u0107 w produkcj\u0119 biogazu<\/h2>\n[\/vc_column_text][divider line_type=&#8221;No Line&#8221; custom_height=&#8221;25&#8243;][nectar_icon_list color=&#8221;Accent-Color&#8221; direction=&#8221;vertical&#8221; icon_size=&#8221;small&#8221; icon_style=&#8221;border&#8221;][nectar_icon_list_item icon_type=&#8221;numerical&#8221; text_full_html=&#8221;simple&#8221; title=&#8221;List Item&#8221; id=&#8221;1658322193406-6&#8243; tab_id=&#8221;1658322193406-2&#8243; text=&#8221;Produkcja biogazu umo\u017cliwia atrakcyjne ekonomicznie wykorzystanie lokalnie dost\u0119pnych zasob\u00f3w. Jako rolnik energetyczny lub inwestor wzmacniasz sw\u00f3j region i stawiasz na produkcj\u0119 energii z doskona\u0142ymi perspektywami zwrotu.&#8221;][\/nectar_icon_list_item][nectar_icon_list_item icon_type=&#8221;numerical&#8221; text_full_html=&#8221;simple&#8221; title=&#8221;List Item&#8221; id=&#8221;1658322193415-2&#8243; tab_id=&#8221;1658322193416-1&#8243; text=&#8221;Przy obecnych politycznych warunkach ramowych, zasilanie energi\u0105 elektryczn\u0105, ciep\u0142em i gazem z energii odnawialnych nabiera ogromnego znaczenia i oferuje najlepsze perspektywy na przysz\u0142o\u015b\u0107..&#8221;][\/nectar_icon_list_item][nectar_icon_list_item icon_type=&#8221;numerical&#8221; text_full_html=&#8221;simple&#8221; title=&#8221;List Item&#8221; id=&#8221;1658322193422-6&#8243; tab_id=&#8221;1658322193423-9&#8243; text=&#8221;Biogaz jest najbardziej uniwersaln\u0105 i jedyn\u0105 bezpo\u015brednio zbywaln\u0105 energi\u0105 w\u015br\u00f3d odnawialnych \u017ar\u00f3de\u0142 energii. Dlatego ma szczeg\u00f3lnie du\u017cy potencja\u0142 wykorzystania i sprzeda\u017cy: jako energia elektryczna i ciep\u0142o dla zaopatrzenia regionalnego, do zasilania sieci publicznej oraz jako biometan.&#8221;][\/nectar_icon_list_item][nectar_icon_list_item icon_type=&#8221;numerical&#8221; text_full_html=&#8221;simple&#8221; title=&#8221;List Item&#8221; id=&#8221;1658322193429-8&#8243; tab_id=&#8221;1658322193429-1&#8243; text=&#8221;Biometan staje si\u0119 alternatyw\u0105 dla importowanego gazu ziemnego. Ci, kt\u00f3rzy produkuj\u0105 biogaz, przyczyniaj\u0105 si\u0119 do decentralizacji dostaw energii i uniezale\u017cnienia od rynk\u00f3w mi\u0119dzynarodowych. Biogaz staje si\u0119 wi\u0119c coraz bardziej atrakcyjny dla dostawc\u00f3w energii, zak\u0142ad\u00f3w komunalnych i w\u0142adz lokalnych.&#8221;][\/nectar_icon_list_item][nectar_icon_list_item icon_type=&#8221;numerical&#8221; text_full_html=&#8221;simple&#8221; title=&#8221;List Item&#8221; id=&#8221;1658322193433-7&#8243; tab_id=&#8221;1658322193433-0&#8243; text=&#8221;Produkcja biogazu jest przyjazna dla \u015brodowiska i klimatu. Opr\u00f3cz minimalizacji emisji podtlenku azotu i gaz\u00f3w cieplarnianych, fermentacja obornika oznacza r\u00f3wnie\u017c aktywn\u0105 ochron\u0119 w\u00f3d gruntowych, poniewa\u017c zast\u0119puje nawozy mineralne. Ponadto energetyczne wykorzystanie surowc\u00f3w odnawialnych jest neutralne pod wzgl\u0119dem emisji CO2.&#8221;][\/nectar_icon_list_item][\/nectar_icon_list][\/vc_column][vc_column column_padding=&#8221;no-extra-padding&#8221; column_padding_tablet=&#8221;inherit&#8221; column_padding_phone=&#8221;inherit&#8221; column_padding_position=&#8221;top-bottom&#8221; column_element_direction_desktop=&#8221;default&#8221; column_element_spacing=&#8221;default&#8221; centered_text=&#8221;true&#8221; desktop_text_alignment=&#8221;default&#8221; tablet_text_alignment=&#8221;default&#8221; phone_text_alignment=&#8221;default&#8221; background_color_opacity=&#8221;1&#8243; background_hover_color_opacity=&#8221;1&#8243; background_image=&#8221;1665&#8243; background_image_position=&#8221;center center&#8221; background_image_stacking=&#8221;default&#8221; enable_bg_scale=&#8221;true&#8221; background_image_loading=&#8221;default&#8221; column_backdrop_filter=&#8221;none&#8221; column_shadow=&#8221;none&#8221; column_border_radius=&#8221;none&#8221; column_link_target=&#8221;_self&#8221; column_position=&#8221;default&#8221; gradient_direction=&#8221;left_to_right&#8221; overlay_strength=&#8221;0.3&#8243; width=&#8221;1\/3&#8243; tablet_width_inherit=&#8221;default&#8221; animation_type=&#8221;default&#8221; bg_image_animation=&#8221;none&#8221; border_type=&#8221;simple&#8221; column_border_width=&#8221;none&#8221; column_border_style=&#8221;solid&#8221; offset=&#8221;vc_hidden-sm vc_hidden-xs&#8221;][\/vc_column][\/vc_row]\n","protected":false},"excerpt":{"rendered":"<p>[vc_row type=&#8221;full_width_background&#8221; full_screen_row_position=&#8221;middle&#8221; column_margin=&#8221;default&#8221; column_direction=&#8221;default&#8221; column_direction_tablet=&#8221;default&#8221; column_direction_phone=&#8221;default&#8221; scene_position=&#8221;center&#8221; top_padding=&#8221;50&#8243; bottom_padding=&#8221;50&#8243; text_color=&#8221;dark&#8221; text_align=&#8221;left&#8221; row_border_radius=&#8221;none&#8221; row_border_radius_applies=&#8221;bg&#8221; overflow=&#8221;visible&#8221; id=&#8221;test&#8221; overlay_strength=&#8221;0.3&#8243; gradient_direction=&#8221;left_to_right&#8221; shape_divider_position=&#8221;bottom&#8221; bg_image_animation=&#8221;none&#8221;][vc_column&#8230;<\/p>\n","protected":false},"author":1,"featured_media":0,"parent":0,"menu_order":0,"comment_status":"closed","ping_status":"closed","template":"","meta":{"footnotes":""},"class_list":["post-8035","page","type-page","status-publish"],"_links":{"self":[{"href":"https:\/\/www.oekobit-biogas.com\/pl\/wp-json\/wp\/v2\/pages\/8035","targetHints":{"allow":["GET"]}}],"collection":[{"href":"https:\/\/www.oekobit-biogas.com\/pl\/wp-json\/wp\/v2\/pages"}],"about":[{"href":"https:\/\/www.oekobit-biogas.com\/pl\/wp-json\/wp\/v2\/types\/page"}],"author":[{"embeddable":true,"href":"https:\/\/www.oekobit-biogas.com\/pl\/wp-json\/wp\/v2\/users\/1"}],"replies":[{"embeddable":true,"href":"https:\/\/www.oekobit-biogas.com\/pl\/wp-json\/wp\/v2\/comments?post=8035"}],"version-history":[{"count":10,"href":"https:\/\/www.oekobit-biogas.com\/pl\/wp-json\/wp\/v2\/pages\/8035\/revisions"}],"predecessor-version":[{"id":8883,"href":"https:\/\/www.oekobit-biogas.com\/pl\/wp-json\/wp\/v2\/pages\/8035\/revisions\/8883"}],"wp:attachment":[{"href":"https:\/\/www.oekobit-biogas.com\/pl\/wp-json\/wp\/v2\/media?parent=8035"}],"curies":[{"name":"wp","href":"https:\/\/api.w.org\/{rel}","templated":true}]}}