{"id":7442,"date":"2016-08-17T15:12:34","date_gmt":"2016-08-17T13:12:34","guid":{"rendered":"https:\/\/www.oekobit-biogas.com\/kontakt\/"},"modified":"2026-04-29T16:55:22","modified_gmt":"2026-04-29T14:55:22","slug":"kontakt","status":"publish","type":"page","link":"https:\/\/www.oekobit-biogas.com\/pl\/kontakt\/","title":{"rendered":"Kontakt"},"content":{"rendered":"[vc_row type=&#8221;in_container&#8221; full_screen_row_position=&#8221;middle&#8221; column_margin=&#8221;default&#8221; column_direction=&#8221;default&#8221; column_direction_tablet=&#8221;default&#8221; column_direction_phone=&#8221;default&#8221; scene_position=&#8221;center&#8221; bottom_padding=&#8221;50&#8243; text_color=&#8221;dark&#8221; text_align=&#8221;left&#8221; row_border_radius=&#8221;none&#8221; row_border_radius_applies=&#8221;bg&#8221; row_position_desktop=&#8221;default&#8221; row_position_tablet=&#8221;inherit&#8221; row_position_phone=&#8221;inherit&#8221; overflow=&#8221;visible&#8221; overlay_strength=&#8221;0.3&#8243; gradient_direction=&#8221;left_to_right&#8221; shape_divider_position=&#8221;bottom&#8221; bg_image_animation=&#8221;none&#8221;][vc_column column_padding=&#8221;padding-5-percent&#8221; column_padding_tablet=&#8221;inherit&#8221; column_padding_phone=&#8221;inherit&#8221; column_padding_position=&#8221;right&#8221; flex_gap_desktop=&#8221;10px&#8221; column_element_direction_desktop=&#8221;default&#8221; column_element_spacing=&#8221;default&#8221; desktop_text_alignment=&#8221;default&#8221; tablet_text_alignment=&#8221;default&#8221; phone_text_alignment=&#8221;default&#8221; background_color_opacity=&#8221;1&#8243; background_hover_color_opacity=&#8221;1&#8243; column_backdrop_filter=&#8221;none&#8221; column_shadow=&#8221;none&#8221; column_border_radius=&#8221;none&#8221; column_link_target=&#8221;_self&#8221; column_position=&#8221;default&#8221; gradient_direction=&#8221;left_to_right&#8221; overlay_strength=&#8221;0.3&#8243; width=&#8221;1\/2&#8243; tablet_width_inherit=&#8221;default&#8221; animation_type=&#8221;default&#8221; bg_image_animation=&#8221;none&#8221; border_type=&#8221;simple&#8221; column_border_width=&#8221;none&#8221; column_border_style=&#8221;solid&#8221;][vc_column_text css=&#8221;.vc_custom_1673614008091{padding-top: 50px !important;}&#8221;]\n<h2 class=\"color03 hmedium unterstrichen02\">Jeste\u015bmy tutaj dla Pa\u0144stwa.<\/h2>\n<p>Interesuje Pa\u0144stwa temat biogazowni lub biometanowni albo planujecie Pa\u0144stwo w\u0142asn\u0105 rozbudow\u0119 instalacji biogazowni? To prosimy o skorzystanie z mo\u017cliwo\u015bci otrzymania niezobowi\u0105zuj\u0105cej, bezp\u0142atnej konsultacji z nami. Bardzo cieszymy sie na kontakt z Pa\u0144stwem. Mozliwe jest\u00a0 odwiedzenie Pa\u0144stwa na miejscu lub w jednej z naszych biogazowni. OEKOBIT jest wspierany przez ludzi z entuzjazmem dla bioenergii, kt\u00f3rzy s\u0105 zawsze do dyspozycji klient\u00f3w.<\/p>\n<p>Cieszymy si\u0119 na Pa\u0144stwa telefon.[\/vc_column_text][vc_column_text css=&#8221;.vc_custom_1777474518982{padding-top: 50px !important;}&#8221; text_direction=&#8221;default&#8221;]\n<h2 class=\"hsmall color03 unterstrichen02\">Adres<\/h2>\n<p>OEKOBIT GmbH<br \/>\nEuropa-Allee 57<br \/>\n54343 F\u00f6hren<\/p>\n<p>+49 (0) 6502 93859 33<br \/>\ninfo@oekobit-biogas.com[\/vc_column_text][\/vc_column][vc_column column_padding=&#8221;padding-5-percent&#8221; column_padding_tablet=&#8221;inherit&#8221; column_padding_phone=&#8221;inherit&#8221; column_padding_position=&#8221;all&#8221; flex_gap_desktop=&#8221;10px&#8221; column_element_direction_desktop=&#8221;default&#8221; column_element_spacing=&#8221;default&#8221; desktop_text_alignment=&#8221;default&#8221; tablet_text_alignment=&#8221;default&#8221; phone_text_alignment=&#8221;default&#8221; background_color_opacity=&#8221;1&#8243; background_hover_color_opacity=&#8221;1&#8243; column_backdrop_filter=&#8221;none&#8221; column_shadow=&#8221;none&#8221; column_border_radius=&#8221;none&#8221; column_link_target=&#8221;_self&#8221; column_position=&#8221;default&#8221; gradient_direction=&#8221;left_to_right&#8221; overlay_strength=&#8221;0.3&#8243; width=&#8221;1\/2&#8243; tablet_width_inherit=&#8221;default&#8221; animation_type=&#8221;default&#8221; bg_image_animation=&#8221;none&#8221; border_type=&#8221;simple&#8221; column_border_width=&#8221;none&#8221; column_border_style=&#8221;solid&#8221;][vc_raw_html]JTVCZmx1ZW50Zm9ybSUyMGlkJTNEJTIyMTUlMjIlNUQ=[\/vc_raw_html][\/vc_column][\/vc_row]\n","protected":false},"excerpt":{"rendered":"<p>[vc_row type=&#8221;in_container&#8221; full_screen_row_position=&#8221;middle&#8221; column_margin=&#8221;default&#8221; column_direction=&#8221;default&#8221; column_direction_tablet=&#8221;default&#8221; column_direction_phone=&#8221;default&#8221; scene_position=&#8221;center&#8221; bottom_padding=&#8221;50&#8243; text_color=&#8221;dark&#8221; text_align=&#8221;left&#8221; row_border_radius=&#8221;none&#8221; row_border_radius_applies=&#8221;bg&#8221; row_position_desktop=&#8221;default&#8221; row_position_tablet=&#8221;inherit&#8221; row_position_phone=&#8221;inherit&#8221; overflow=&#8221;visible&#8221; overlay_strength=&#8221;0.3&#8243; gradient_direction=&#8221;left_to_right&#8221; shape_divider_position=&#8221;bottom&#8221;&#8230;<\/p>\n","protected":false},"author":1,"featured_media":0,"parent":0,"menu_order":0,"comment_status":"closed","ping_status":"closed","template":"","meta":{"footnotes":""},"class_list":["post-7442","page","type-page","status-publish"],"_links":{"self":[{"href":"https:\/\/www.oekobit-biogas.com\/pl\/wp-json\/wp\/v2\/pages\/7442","targetHints":{"allow":["GET"]}}],"collection":[{"href":"https:\/\/www.oekobit-biogas.com\/pl\/wp-json\/wp\/v2\/pages"}],"about":[{"href":"https:\/\/www.oekobit-biogas.com\/pl\/wp-json\/wp\/v2\/types\/page"}],"author":[{"embeddable":true,"href":"https:\/\/www.oekobit-biogas.com\/pl\/wp-json\/wp\/v2\/users\/1"}],"replies":[{"embeddable":true,"href":"https:\/\/www.oekobit-biogas.com\/pl\/wp-json\/wp\/v2\/comments?post=7442"}],"version-history":[{"count":11,"href":"https:\/\/www.oekobit-biogas.com\/pl\/wp-json\/wp\/v2\/pages\/7442\/revisions"}],"predecessor-version":[{"id":9649,"href":"https:\/\/www.oekobit-biogas.com\/pl\/wp-json\/wp\/v2\/pages\/7442\/revisions\/9649"}],"wp:attachment":[{"href":"https:\/\/www.oekobit-biogas.com\/pl\/wp-json\/wp\/v2\/media?parent=7442"}],"curies":[{"name":"wp","href":"https:\/\/api.w.org\/{rel}","templated":true}]}}