{"id":8107,"date":"2022-03-08T10:11:47","date_gmt":"2022-03-08T09:11:47","guid":{"rendered":"https:\/\/www.oekobit-biogas.com\/services\/consulting\/perspektivberatung\/"},"modified":"2022-07-21T09:17:16","modified_gmt":"2022-07-21T07:17:16","slug":"perspective-consulting","status":"publish","type":"page","link":"https:\/\/www.oekobit-biogas.com\/en\/services\/consulting\/perspective-consulting\/","title":{"rendered":"Perspective consulting"},"content":{"rendered":"[vc_row type=&#8221;full_width_content&#8221; full_screen_row_position=&#8221;middle&#8221; column_margin=&#8221;default&#8221; equal_height=&#8221;yes&#8221; content_placement=&#8221;top&#8221; column_direction=&#8221;default&#8221; column_direction_tablet=&#8221;default&#8221; column_direction_phone=&#8221;default&#8221; scene_position=&#8221;center&#8221; text_color=&#8221;dark&#8221; text_align=&#8221;left&#8221; row_border_radius=&#8221;none&#8221; row_border_radius_applies=&#8221;bg&#8221; overflow=&#8221;visible&#8221; overlay_strength=&#8221;0.3&#8243; gradient_direction=&#8221;left_to_right&#8221; shape_divider_position=&#8221;bottom&#8221; bg_image_animation=&#8221;none&#8221; shape_type=&#8221;&#8221;][vc_column column_padding=&#8221;padding-5-percent&#8221; column_padding_tablet=&#8221;inherit&#8221; column_padding_phone=&#8221;inherit&#8221; column_padding_position=&#8221;all&#8221; column_element_spacing=&#8221;default&#8221; background_color=&#8221;#f7f8f8&#8243; background_color_opacity=&#8221;1&#8243; background_hover_color_opacity=&#8221;1&#8243; column_shadow=&#8221;none&#8221; column_border_radius=&#8221;none&#8221; column_link_target=&#8221;_self&#8221; column_position=&#8221;default&#8221; el_class=&#8221;deckenlinie&#8221; gradient_direction=&#8221;left_to_right&#8221; overlay_strength=&#8221;0.3&#8243; width=&#8221;2\/3&#8243; tablet_width_inherit=&#8221;default&#8221; tablet_text_alignment=&#8221;default&#8221; phone_text_alignment=&#8221;default&#8221; animation_type=&#8221;default&#8221; bg_image_animation=&#8221;none&#8221; border_type=&#8221;simple&#8221; column_border_width=&#8221;none&#8221; column_border_style=&#8221;solid&#8221;][vc_column_text]\n<h2 class=\"color01 hsub\">OEKOBIT Perspective consulting:<\/h2>\n<h2 class=\"color02 hmedium unterstrichen02\">Future concepts for your biogas plant<\/h2>\n<p>In the OEKOBIT perspective consultation, we discuss your personal plant situation, work out possible future scenarios together with our team of experts and check possible concepts for their economic viability. Our team of experts consists of specialists from the fields of biomethane, tender law, approval, plant technology, calculation, financing and project management. The consulting process is divided into four phases:<\/p>\n<ol>\n<li>Initial discussion and plant situation<\/li>\n<li>Simplified consideration of possible concepts<\/li>\n<li>Feasibility check<\/li>\n<li>Detailed consideration and profitability analysis<\/li>\n<\/ol>\n<p>Our goal is to enable you to make a qualified future decision for your plant situation.[\/vc_column_text][vc_column_text]Bereits in wenigen Jahren werden ein Gro\u00dfteil der Biogasanlagen in Deutschland das Ende der erster F\u00f6rderperiode erreichen. Doch wie geht es in Zukunft weiter? Welche M\u00f6glichkeiten, Chancen und auch Risiken gibt es f\u00fcr mich und meine Anlagensituation?[\/vc_column_text][\/vc_column][vc_column column_padding=&#8221;no-extra-padding&#8221; column_padding_tablet=&#8221;inherit&#8221; column_padding_phone=&#8221;inherit&#8221; column_padding_position=&#8221;top-bottom&#8221; column_element_spacing=&#8221;default&#8221; centered_text=&#8221;true&#8221; background_color_opacity=&#8221;1&#8243; background_hover_color_opacity=&#8221;1&#8243; background_image=&#8221;2066&#8243; background_image_position=&#8221;center center&#8221; background_image_loading=&#8221;default&#8221; column_shadow=&#8221;none&#8221; column_border_radius=&#8221;none&#8221; column_link_target=&#8221;_self&#8221; column_position=&#8221;default&#8221; advanced_gradient_angle=&#8221;0&#8243; gradient_direction=&#8221;left_to_right&#8221; overlay_strength=&#8221;0.3&#8243; width=&#8221;1\/3&#8243; tablet_width_inherit=&#8221;default&#8221; tablet_text_alignment=&#8221;default&#8221; phone_text_alignment=&#8221;default&#8221; animation_type=&#8221;default&#8221; bg_image_animation=&#8221;none&#8221; border_type=&#8221;simple&#8221; column_border_width=&#8221;none&#8221; column_border_style=&#8221;solid&#8221; gradient_type=&#8221;default&#8221;][\/vc_column][\/vc_row]\n","protected":false},"excerpt":{"rendered":"<p>[vc_row type=&#8221;full_width_content&#8221; full_screen_row_position=&#8221;middle&#8221; column_margin=&#8221;default&#8221; equal_height=&#8221;yes&#8221; content_placement=&#8221;top&#8221; column_direction=&#8221;default&#8221; column_direction_tablet=&#8221;default&#8221; column_direction_phone=&#8221;default&#8221; scene_position=&#8221;center&#8221; text_color=&#8221;dark&#8221; text_align=&#8221;left&#8221; row_border_radius=&#8221;none&#8221; row_border_radius_applies=&#8221;bg&#8221; overflow=&#8221;visible&#8221; overlay_strength=&#8221;0.3&#8243; gradient_direction=&#8221;left_to_right&#8221; shape_divider_position=&#8221;bottom&#8221; bg_image_animation=&#8221;none&#8221; shape_type=&#8221;&#8221;][vc_column&#8230;<\/p>\n","protected":false},"author":1,"featured_media":0,"parent":3694,"menu_order":0,"comment_status":"closed","ping_status":"closed","template":"","meta":{"footnotes":""},"class_list":["post-8107","page","type-page","status-publish"],"_links":{"self":[{"href":"https:\/\/www.oekobit-biogas.com\/en\/wp-json\/wp\/v2\/pages\/8107","targetHints":{"allow":["GET"]}}],"collection":[{"href":"https:\/\/www.oekobit-biogas.com\/en\/wp-json\/wp\/v2\/pages"}],"about":[{"href":"https:\/\/www.oekobit-biogas.com\/en\/wp-json\/wp\/v2\/types\/page"}],"author":[{"embeddable":true,"href":"https:\/\/www.oekobit-biogas.com\/en\/wp-json\/wp\/v2\/users\/1"}],"replies":[{"embeddable":true,"href":"https:\/\/www.oekobit-biogas.com\/en\/wp-json\/wp\/v2\/comments?post=8107"}],"version-history":[{"count":2,"href":"https:\/\/www.oekobit-biogas.com\/en\/wp-json\/wp\/v2\/pages\/8107\/revisions"}],"predecessor-version":[{"id":8109,"href":"https:\/\/www.oekobit-biogas.com\/en\/wp-json\/wp\/v2\/pages\/8107\/revisions\/8109"}],"up":[{"embeddable":true,"href":"https:\/\/www.oekobit-biogas.com\/en\/wp-json\/wp\/v2\/pages\/3694"}],"wp:attachment":[{"href":"https:\/\/www.oekobit-biogas.com\/en\/wp-json\/wp\/v2\/media?parent=8107"}],"curies":[{"name":"wp","href":"https:\/\/api.w.org\/{rel}","templated":true}]}}